{"id":563,"date":"2023-04-05T22:50:36","date_gmt":"2023-04-05T22:50:36","guid":{"rendered":"https:\/\/buceomadrid.es\/viajes\/?page_id=563"},"modified":"2023-04-05T23:06:50","modified_gmt":"2023-04-05T23:06:50","slug":"tabarca","status":"publish","type":"page","link":"https:\/\/buceomadrid.es\/viajes\/tabarca\/","title":{"rendered":"Tabarca"},"content":{"rendered":"\n\n\n<h2>sALIDA EN GRUPO FIN DE SEMANA A TABARCA<\/h2>\n\n\n\n\n\n\n\n\n\n\n\n<h5 class=\"av-special-heading-tag \" itemprop=\"headline\" style=\"border: 0px font-variant-numeric: inherit; font-variant-east-asian: inherit; font-variant-alternates: inherit; font-weight: lighter; font-stretch: inherit; font-size: 28px; line-height: 1.1em; font-family: &quot;open sans&quot;, HelveticaNeue, &quot;Helvetica Neue&quot;, Helvetica-Neue, Helvetica, Arial, sans-serif; font-optical-sizing: inherit; font-kerning: inherit; font-feature-settings: inherit; font-variation-settings: inherit; vertical-align: baseline text-transform: none; letter-spacing: 1px; text-decoration-style: initial;\">La reserva marina de la isla de Tabarca es uno de los lugares m\u00e1s deseados por miles de buceadores de todo el mundo<\/h5>\n<p><span style=\"color: rgb(102, 102, 102); font-family: &quot;open sans&quot;, HelveticaNeue, &quot;Helvetica Neue&quot;, Helvetica-Neue, Helvetica, Arial, sans-serif; background-color: rgb(252, 252, 252);\">En la&nbsp;<\/span><a href=\"https:\/\/es.wikipedia.org\/wiki\/Isla_de_Tabarca\" target=\"_blank\" rel=\"noopener\" style=\"border: 0px rgb(225, 225, 225); font-variant-numeric: inherit; font-variant-east-asian: inherit; font-variant-alternates: inherit; font-stretch: inherit; line-height: inherit; font-family: &quot;open sans&quot;, HelveticaNeue, &quot;Helvetica Neue&quot;, Helvetica-Neue, Helvetica, Arial, sans-serif; font-optical-sizing: inherit; font-kerning: inherit; font-feature-settings: inherit; font-variation-settings: inherit; vertical-align: baseline; outline: 0px; max-width: 100%; color: rgb(16, 155, 197); background-color: rgb(252, 252, 252);\">isla de Tabarca<\/a><span style=\"color: rgb(102, 102, 102); font-family: &quot;open sans&quot;, HelveticaNeue, &quot;Helvetica Neue&quot;, Helvetica-Neue, Helvetica, Arial, sans-serif; background-color: rgb(252, 252, 252);\">&nbsp;se encuentra la primera reserva marina de Espa\u00f1a. Se cre\u00f3 en el a\u00f1o 1986 y desde entonces se ha ido preservando, controlando su sobre pesca y por ello es de los pocos lugares del mediterr\u00e1neo donde podemos ver tanta vida grande a tan poca profundidad.<\/span><br><\/p>\n\n\n\n\n<h2>eL CENTRO DE BUCEO<\/h2>\n\n<p style=\"margin-top: 0.85em; margin-bottom: 0.85em; border: 0px rgb(225, 225, 225); font-variant-numeric: inherit; font-variant-east-asian: inherit; font-variant-alternates: inherit; font-stretch: inherit; line-height: inherit; font-family: &quot;open sans&quot;, HelveticaNeue, &quot;Helvetica Neue&quot;, Helvetica-Neue, Helvetica, Arial, sans-serif; font-optical-sizing: inherit; font-kerning: inherit; font-feature-settings: inherit; font-variation-settings: inherit; vertical-align: baseline; color: rgb(102, 102, 102);\">Con m\u00e1s de 12 a\u00f1os de experiencia buceando en las c\u00e1lidas y cristalinas aguas del Mediterr\u00e1neo, garantizan el mejor servicio, mucha diversi\u00f3n y un trato personalizado de su staff cualificado.<\/p><p style=\"margin-top: 0.85em; margin-bottom: 0.85em; border: 0px rgb(225, 225, 225); font-variant-numeric: inherit; font-variant-east-asian: inherit; font-variant-alternates: inherit; font-stretch: inherit; line-height: inherit; font-family: &quot;open sans&quot;, HelveticaNeue, &quot;Helvetica Neue&quot;, Helvetica-Neue, Helvetica, Arial, sans-serif; font-optical-sizing: inherit; font-kerning: inherit; font-feature-settings: inherit; font-variation-settings: inherit; vertical-align: baseline; color: rgb(102, 102, 102);\">Son el \u00fanico centro de buceo PADI IDC 5 estrellas de Santa Pola. Esto significa que el centro de buceo e instructores cumplen los altos est\u00e1ndares de la asociaci\u00f3n de buceo m\u00e1s reconocida a nivel mundial, PADI.&nbsp; Aseguramos de que disfrutes de la actividad que elijas de una manera relajada y en un ambiente profesional, mientras lo pasamos en grande.<\/p>\n<h2>INMERSIONES<\/h2>\n<p style=\"margin-top: 0.85em; margin-bottom: 0.85em; border: 0px rgb(225, 225, 225); font-variant-numeric: inherit; font-variant-east-asian: inherit; font-variant-alternates: inherit; font-stretch: inherit; line-height: inherit; font-family: &quot;open sans&quot;, HelveticaNeue, &quot;Helvetica Neue&quot;, Helvetica-Neue, Helvetica, Arial, sans-serif; font-optical-sizing: inherit; font-kerning: inherit; font-feature-settings: inherit; font-variation-settings: inherit; vertical-align: baseline; color: rgb(102, 102, 102);\"><strong style=\"border: 0px rgb(225, 225, 225); font-style: inherit; font-variant: inherit; font-weight: bold; font-stretch: inherit; font-size: inherit; line-height: inherit; font-family: inherit; font-optical-sizing: inherit; font-kerning: inherit; font-feature-settings: inherit; font-variation-settings: inherit; vertical-align: baseline; color: rgb(16, 155, 197);\">Los puntos de buceo en la reserva de interior son:<\/strong><\/p><ul style=\"margin-bottom: 20px; margin-left: 7px; border: 0px rgb(225, 225, 225); font-variant-numeric: inherit; font-variant-east-asian: inherit; font-variant-alternates: inherit; font-stretch: inherit; line-height: inherit; font-family: &quot;open sans&quot;, HelveticaNeue, &quot;Helvetica Neue&quot;, Helvetica-Neue, Helvetica, Arial, sans-serif; font-optical-sizing: inherit; font-kerning: inherit; font-feature-settings: inherit; font-variation-settings: inherit; vertical-align: baseline; list-style-position: outside; list-style-image: initial; color: rgb(102, 102, 102);\"><li style=\"margin-left: 1em; padding-top: 3px; padding-bottom: 3px; border: 0px rgb(225, 225, 225); font: inherit; vertical-align: baseline;\">Escull Negre, Escull Roig, Arrecifes Artificiales, Galera, Tabarca Reef.<\/li><\/ul><p style=\"margin-top: 0.85em; margin-bottom: 0.85em; border: 0px rgb(225, 225, 225); font-variant-numeric: inherit; font-variant-east-asian: inherit; font-variant-alternates: inherit; font-stretch: inherit; line-height: inherit; font-family: &quot;open sans&quot;, HelveticaNeue, &quot;Helvetica Neue&quot;, Helvetica-Neue, Helvetica, Arial, sans-serif; font-optical-sizing: inherit; font-kerning: inherit; font-feature-settings: inherit; font-variation-settings: inherit; vertical-align: baseline; color: rgb(102, 102, 102);\"><strong style=\"border: 0px rgb(225, 225, 225); font-style: inherit; font-variant: inherit; font-weight: bold; font-stretch: inherit; font-size: inherit; line-height: inherit; font-family: inherit; font-optical-sizing: inherit; font-kerning: inherit; font-feature-settings: inherit; font-variation-settings: inherit; vertical-align: baseline; color: rgb(16, 155, 197);\">En la reserva exterior se encuentra:<\/strong><\/p><ul style=\"margin-bottom: 20px; margin-left: 7px; border: 0px rgb(225, 225, 225); font-variant-numeric: inherit; font-variant-east-asian: inherit; font-variant-alternates: inherit; font-stretch: inherit; line-height: inherit; font-family: &quot;open sans&quot;, HelveticaNeue, &quot;Helvetica Neue&quot;, Helvetica-Neue, Helvetica, Arial, sans-serif; font-optical-sizing: inherit; font-kerning: inherit; font-feature-settings: inherit; font-variation-settings: inherit; vertical-align: baseline; list-style-position: outside; list-style-image: initial; color: rgb(102, 102, 102);\"><li style=\"margin-left: 1em; padding-top: 3px; padding-bottom: 3px; border: 0px rgb(225, 225, 225); font: inherit; vertical-align: baseline;\">La Nao (Los Arcos) y&nbsp;La Llosa (Merolandia)<\/li><\/ul><p style=\"margin-top: 0.85em; margin-bottom: 0.85em; border: 0px rgb(225, 225, 225); font-variant-numeric: inherit; font-variant-east-asian: inherit; font-variant-alternates: inherit; font-stretch: inherit; line-height: inherit; font-family: &quot;open sans&quot;, HelveticaNeue, &quot;Helvetica Neue&quot;, Helvetica-Neue, Helvetica, Arial, sans-serif; font-optical-sizing: inherit; font-kerning: inherit; font-feature-settings: inherit; font-variation-settings: inherit; vertical-align: baseline; color: rgb(102, 102, 102);\"><strong style=\"border: 0px rgb(225, 225, 225); font-style: inherit; font-variant: inherit; font-weight: bold; font-stretch: inherit; font-size: inherit; line-height: inherit; font-family: inherit; font-optical-sizing: inherit; font-kerning: inherit; font-feature-settings: inherit; font-variation-settings: inherit; vertical-align: baseline; color: rgb(16, 155, 197);\">Fuera de la reserva marina tambi\u00e9n tenemos varias zonas de inmersi\u00f3n:<\/strong><\/p><ul style=\"margin-bottom: 20px; margin-left: 7px; border: 0px rgb(225, 225, 225); font-variant-numeric: inherit; font-variant-east-asian: inherit; font-variant-alternates: inherit; font-stretch: inherit; line-height: inherit; font-family: &quot;open sans&quot;, HelveticaNeue, &quot;Helvetica Neue&quot;, Helvetica-Neue, Helvetica, Arial, sans-serif; font-optical-sizing: inherit; font-kerning: inherit; font-feature-settings: inherit; font-variation-settings: inherit; vertical-align: baseline; list-style-position: outside; list-style-image: initial; color: rgb(102, 102, 102);\"><li style=\"margin-left: 1em; padding-top: 3px; padding-bottom: 3px; border: 0px rgb(225, 225, 225); font: inherit; vertical-align: baseline;\">Pecio 19, Pecio 30 y el Cabo de Santa Pola<\/li><\/ul>\n\n\n\n\n<h2>\u00bfDONDE DORMIREMOS?<\/h2>\n\n\n\n\n<div id=\"summary\" class=\"\" data-et-view=\"\" style=\"font-size: 14px; color: rgb(38, 38, 38); font-family: BlinkMacSystemFont, -apple-system, &quot;Segoe UI&quot;, Roboto, Helvetica, Arial, sans-serif;\"><div id=\"property_description_content\"><p style=\"margin-block-start: 0px;\">Este estupendo hotel se encuentra en la tranquila ciudad costera de Santa Pola. Es un alojamiento ideal para disfrutar de unas divertidas vacaciones al sol en la Costa Blanca.<\/p><p>Por su ubicaci\u00f3n, desde el Quatre Llunas podr\u00e1 dar paseos por el centro de la encantadora poblaci\u00f3n de Santa Pola, hasta llegar a la zona del puerto y a tan solo 5 minutos andando hasta el centro de buceo. A medio d\u00eda y para escapar del sol fuerte, vuelva al hotel a disfrutar de la t\u00edpica siesta espa\u00f1ola.<\/p><p style=\"margin-block-end: 0px;\">Todas las habitaciones del hotel son pr\u00e1cticas y est\u00e1n bien equipadas con TV y aire acondicionado.<\/p><\/div><\/div><p class=\"hp-desc-review-highlight hp-desc-traveller-type--ph-v0\" style=\"font-size: 14px; color: rgb(38, 38, 38); font-family: BlinkMacSystemFont, -apple-system, &quot;Segoe UI&quot;, Roboto, Helvetica, Arial, sans-serif;\">A las parejas les encanta la ubicaci\u00f3n \u2014 Le han puesto un&nbsp;<strong>9,6<\/strong>&nbsp;para viajes de dos personas.<\/p>\n\n\n\n","protected":false},"excerpt":{"rendered":"","protected":false},"author":1,"featured_media":0,"parent":0,"menu_order":0,"comment_status":"closed","ping_status":"closed","template":"","meta":{"pagelayer_contact_templates":[],"_pagelayer_content":"","footnotes":""},"class_list":["post-563","page","type-page","status-publish","hentry"],"_links":{"self":[{"href":"https:\/\/buceomadrid.es\/viajes\/wp-json\/wp\/v2\/pages\/563","targetHints":{"allow":["GET"]}}],"collection":[{"href":"https:\/\/buceomadrid.es\/viajes\/wp-json\/wp\/v2\/pages"}],"about":[{"href":"https:\/\/buceomadrid.es\/viajes\/wp-json\/wp\/v2\/types\/page"}],"author":[{"embeddable":true,"href":"https:\/\/buceomadrid.es\/viajes\/wp-json\/wp\/v2\/users\/1"}],"replies":[{"embeddable":true,"href":"https:\/\/buceomadrid.es\/viajes\/wp-json\/wp\/v2\/comments?post=563"}],"version-history":[{"count":6,"href":"https:\/\/buceomadrid.es\/viajes\/wp-json\/wp\/v2\/pages\/563\/revisions"}],"predecessor-version":[{"id":582,"href":"https:\/\/buceomadrid.es\/viajes\/wp-json\/wp\/v2\/pages\/563\/revisions\/582"}],"wp:attachment":[{"href":"https:\/\/buceomadrid.es\/viajes\/wp-json\/wp\/v2\/media?parent=563"}],"curies":[{"name":"wp","href":"https:\/\/api.w.org\/{rel}","templated":true}]}}